{"id":3,"date":"2022-02-14T16:52:52","date_gmt":"2022-02-14T16:52:52","guid":{"rendered":"https:\/\/angelynum.com\/?page_id=3"},"modified":"2023-11-21T21:33:45","modified_gmt":"2023-11-21T21:33:45","slug":"privacy-policy","status":"publish","type":"page","link":"https:\/\/angelynum.com\/pt\/politica-de-privacidade\/","title":{"rendered":"Pol\u00edtica de privacidade"},"content":{"rendered":"<h2 class=\"wp-block-heading\" id=\"who-we-are\">Quem somos<\/h2>\r\n\r\n\r\n\r\n<p>O endere\u00e7o do nosso s\u00edtio Web \u00e9: https:\/\/angelynum.com.<\/p>\r\n\r\n\r\n\r\n<h2 class=\"wp-block-heading\" id=\"comments\">Coment\u00e1rios<\/h2>\r\n\r\n\r\n\r\n<p>Quando os visitantes deixam coment\u00e1rios no s\u00edtio, recolhemos os dados apresentados no formul\u00e1rio de coment\u00e1rios, bem como o endere\u00e7o IP do visitante e a cadeia de agentes do utilizador do navegador para ajudar a detetar spam.<\/p>\r\n\r\n\r\n\r\n<p>Uma cadeia de caracteres an\u00f3nima criada a partir do seu endere\u00e7o de e-mail (tamb\u00e9m designada por hash) pode ser fornecida ao servi\u00e7o Gravatar para verificar se o est\u00e1 a utilizar. A pol\u00edtica de privacidade do servi\u00e7o Gravatar est\u00e1 dispon\u00edvel aqui: https:\/\/automattic.com\/privacy\/. Ap\u00f3s a aprova\u00e7\u00e3o do seu coment\u00e1rio, a sua imagem de perfil fica vis\u00edvel para o p\u00fablico no contexto do seu coment\u00e1rio.<\/p>\r\n\r\n\r\n\r\n<h2 class=\"wp-block-heading\" id=\"media\">Media<\/h2>\r\n\r\n\r\n\r\n<p>Se o utilizador carregar imagens para o s\u00edtio Web, deve evitar carregar imagens com dados de localiza\u00e7\u00e3o incorporados (EXIF GPS). Os visitantes do s\u00edtio Web podem descarregar e extrair quaisquer dados de localiza\u00e7\u00e3o das imagens no s\u00edtio Web.<\/p>\r\n\r\n\r\n\r\n<h2 class=\"wp-block-heading\" id=\"cookies\">Biscoitos<\/h2>\r\n\r\n\r\n\r\n<p>Se deixar um coment\u00e1rio no nosso site, pode optar por guardar o seu nome, endere\u00e7o de correio eletr\u00f3nico e s\u00edtio Web nos cookies. Estes cookies s\u00e3o para sua conveni\u00eancia, para que n\u00e3o tenha de preencher os seus dados novamente quando deixar outro coment\u00e1rio. Estes cookies ter\u00e3o a dura\u00e7\u00e3o de um ano.<\/p>\r\n\r\n\r\n\r\n<p>Se visitar a nossa p\u00e1gina de in\u00edcio de sess\u00e3o, definiremos um cookie tempor\u00e1rio para determinar se o seu browser aceita cookies. Este cookie n\u00e3o cont\u00e9m dados pessoais e \u00e9 eliminado quando o utilizador fecha o seu browser.<\/p>\r\n\r\n\r\n\r\n<p>Quando iniciar sess\u00e3o, tamb\u00e9m configuraremos v\u00e1rios cookies para guardar as suas informa\u00e7\u00f5es de in\u00edcio de sess\u00e3o e as suas op\u00e7\u00f5es de visualiza\u00e7\u00e3o do ecr\u00e3. Os cookies de in\u00edcio de sess\u00e3o duram dois dias e os cookies de op\u00e7\u00f5es de ecr\u00e3 duram um ano. Se selecionar \"Lembrar-me\", o seu in\u00edcio de sess\u00e3o persistir\u00e1 durante duas semanas. Se terminar a sess\u00e3o na sua conta, os cookies de in\u00edcio de sess\u00e3o ser\u00e3o removidos.<\/p>\r\n\r\n\r\n\r\n<p>Se editar ou publicar um artigo, ser\u00e1 guardado um cookie adicional no seu browser. Este cookie n\u00e3o inclui dados pessoais e indica simplesmente o ID de publica\u00e7\u00e3o do artigo que acabou de editar. Expira ao fim de 1 dia.<\/p>\r\n\r\n\r\n\r\n<h2 class=\"wp-block-heading\" id=\"embedded-content-from-other-websites\">Conte\u00fado incorporado de outros s\u00edtios Web<\/h2>\r\n\r\n\r\n\r\n<p>Os artigos deste s\u00edtio podem incluir conte\u00fados incorporados (por exemplo, v\u00eddeos, imagens, artigos, etc.). O conte\u00fado incorporado de outros s\u00edtios Web comporta-se exatamente da mesma forma como se o visitante tivesse visitado o outro s\u00edtio Web.<\/p>\r\n\r\n\r\n\r\n<p>Estes s\u00edtios Web podem recolher dados sobre o utilizador, utilizar cookies, incorporar rastreio adicional de terceiros e monitorizar a sua intera\u00e7\u00e3o com esse conte\u00fado incorporado, incluindo o rastreio da sua intera\u00e7\u00e3o com o conte\u00fado incorporado se tiver uma conta e estiver ligado a esse s\u00edtio Web.<\/p>\r\n\r\n\r\n\r\n<h2 class=\"wp-block-heading\" id=\"who-we-share-your-data-with\">Com quem partilhamos os seus dados<\/h2>\r\n\r\n\r\n\r\n<p>Se solicitar uma reposi\u00e7\u00e3o da palavra-passe, o seu endere\u00e7o IP ser\u00e1 inclu\u00eddo na mensagem de correio eletr\u00f3nico de reposi\u00e7\u00e3o.<\/p>\r\n\r\n\r\n\r\n<h2 class=\"wp-block-heading\" id=\"how-long-we-retain-your-data\">Durante quanto tempo conservamos os seus dados<\/h2>\r\n\r\n\r\n\r\n<p><strong class=\"privacy-policy-tutorial\">I<\/strong>Se deixar um coment\u00e1rio, o coment\u00e1rio e os seus metadados s\u00e3o mantidos indefinidamente. Isto \u00e9 para que possamos reconhecer e aprovar automaticamente quaisquer coment\u00e1rios subsequentes, em vez de os mantermos numa fila de modera\u00e7\u00e3o.<\/p>\r\n\r\n\r\n\r\n<p>Para os utilizadores que se registam no nosso s\u00edtio Web (caso existam), tamb\u00e9m guardamos as informa\u00e7\u00f5es pessoais que fornecem no seu perfil de utilizador. Todos os utilizadores podem ver, editar ou eliminar as suas informa\u00e7\u00f5es pessoais em qualquer altura (exceto que n\u00e3o podem alterar o seu nome de utilizador). Os administradores do s\u00edtio Web tamb\u00e9m podem ver e editar essas informa\u00e7\u00f5es.<\/p>\r\n\r\n\r\n\r\n<h2 class=\"wp-block-heading\" id=\"what-rights-you-have-over-your-data\">Que direitos tem sobre os seus dados<\/h2>\r\n\r\n\r\n\r\n<p>Se tiver uma conta neste s\u00edtio ou tiver deixado coment\u00e1rios, pode pedir para receber um ficheiro exportado dos dados pessoais que temos sobre si, incluindo quaisquer dados que nos tenha fornecido. Tamb\u00e9m pode solicitar a elimina\u00e7\u00e3o de quaisquer dados pessoais que tenhamos sobre si. Isto n\u00e3o inclui quaisquer dados que sejamos obrigados a manter para fins administrativos, legais ou de seguran\u00e7a.<\/p>\r\n\r\n\r\n\r\n<h2 class=\"wp-block-heading\" id=\"where-we-send-your-data\">Para onde enviamos os seus dados<\/h2>\r\n\r\n\r\n\r\n<p>Os coment\u00e1rios dos visitantes podem ser verificados atrav\u00e9s de um servi\u00e7o autom\u00e1tico de dete\u00e7\u00e3o de spam.<\/p>\r\n\r\n<h3>Publicidade program\u00e1tica Mediavine (Ver 1.1)<\/h3>\r\n<p>O s\u00edtio Web trabalha com a Mediavine para gerir a publicidade baseada em interesses de terceiros que aparece no s\u00edtio Web. A Mediavine apresenta conte\u00fados e an\u00fancios quando o utilizador visita o Website, que pode utilizar cookies pr\u00f3prios e de terceiros. Um cookie \u00e9 um pequeno ficheiro de texto que \u00e9 enviado para o seu computador ou dispositivo m\u00f3vel (referido nesta pol\u00edtica como um \"dispositivo\") pelo servidor web para que um website possa recordar algumas informa\u00e7\u00f5es sobre a sua atividade de navega\u00e7\u00e3o no Website.<\/p>\r\n<p>Os cookies pr\u00f3prios s\u00e3o criados pelo s\u00edtio Web que o utilizador est\u00e1 a visitar. Um cookie de terceiros \u00e9 frequentemente utilizado em publicidade e an\u00e1lise comportamental e \u00e9 criado por um dom\u00ednio diferente do Web site que est\u00e1 a visitar. Os cookies de terceiros, tags, pixels, beacons e outras tecnologias semelhantes (coletivamente, \"Tags\") podem ser colocados no Website para monitorizar a intera\u00e7\u00e3o com o conte\u00fado publicit\u00e1rio e para direcionar e otimizar a publicidade. Cada browser da Internet tem uma funcionalidade que permite bloquear cookies pr\u00f3prios e de terceiros e limpar a cache do browser. A funcionalidade \"ajuda\" da barra de menus da maioria dos browsers indica-lhe como deixar de aceitar novos cookies, como receber notifica\u00e7\u00f5es de novos cookies, como desativar os cookies existentes e como limpar a cache do seu browser. Para mais informa\u00e7\u00f5es sobre cookies e como os desativar, pode consultar as informa\u00e7\u00f5es em <a href=\"https:\/\/www.allaboutcookies.org\/manage-cookies\/\" target=\"_blank\" rel=\"noreferrer noopener nofollow\">Tudo sobre cookies<\/a>.<\/p>\r\n<p>Sem cookies, o utilizador pode n\u00e3o conseguir tirar o m\u00e1ximo partido do conte\u00fado e das funcionalidades do Web site. Tenha em aten\u00e7\u00e3o que a rejei\u00e7\u00e3o de cookies n\u00e3o significa que deixar\u00e1 de ver an\u00fancios quando visitar o nosso Site. Caso opte por recusar, continuar\u00e1 a ver an\u00fancios n\u00e3o personalizados no Web site.<\/p>\r\n<p>O Website recolhe os seguintes dados utilizando um cookie quando apresenta an\u00fancios personalizados:<\/p>\r\n<ul>\r\n<li>Endere\u00e7o IP<\/li>\r\n<li>Tipo de sistema operativo<\/li>\r\n<li>Vers\u00e3o do sistema operativo<\/li>\r\n<li>Tipo de dispositivo<\/li>\r\n<li>L\u00edngua do s\u00edtio Web<\/li>\r\n<li>Tipo de navegador Web<\/li>\r\n<li>Correio eletr\u00f3nico (em forma de hash)<\/li>\r\n<\/ul>\r\n<p>Os parceiros da Mediavine (empresas listadas abaixo com as quais a Mediavine partilha dados) tamb\u00e9m podem utilizar estes dados para ligar a outras informa\u00e7\u00f5es do utilizador final que o parceiro tenha recolhido de forma independente para apresentar an\u00fancios direccionados. Os parceiros da Mediavine podem tamb\u00e9m recolher separadamente dados sobre os utilizadores finais de outras fontes, como IDs ou pixels de publicidade, e associar esses dados aos dados recolhidos pelos editores da Mediavine, a fim de fornecer publicidade baseada em interesses em toda a sua experi\u00eancia online, incluindo dispositivos, browsers e aplica\u00e7\u00f5es. Estes dados incluem dados de utiliza\u00e7\u00e3o, informa\u00e7\u00f5es sobre cookies, informa\u00e7\u00f5es sobre dispositivos, informa\u00e7\u00f5es sobre interac\u00e7\u00f5es entre utilizadores e an\u00fancios e websites, dados de geolocaliza\u00e7\u00e3o, dados de tr\u00e1fego e informa\u00e7\u00f5es sobre a fonte de refer\u00eancia de um visitante para um determinado website. A Mediavine Partners pode tamb\u00e9m criar IDs \u00fanicos para criar segmentos de audi\u00eancia, que s\u00e3o utilizados para fornecer publicidade direccionada.<\/p>\r\n<p>Se pretender obter mais informa\u00e7\u00f5es sobre esta pr\u00e1tica e conhecer as suas op\u00e7\u00f5es para aceitar ou recusar esta recolha de dados, visite <a href=\"https:\/\/thenai.org\/opt-out\/\" target=\"_blank\" rel=\"noreferrer noopener nofollow\">P\u00e1gina de auto-exclus\u00e3o da National Advertising Initiative<\/a>. Tamb\u00e9m pode visitar <a href=\"http:\/\/optout.aboutads.info\/#\/\" target=\"_blank\" rel=\"noreferrer noopener nofollow\">S\u00edtio Web da Digital Advertising Alliance<\/a> e <a href=\"http:\/\/optout.networkadvertising.org\/#\" target=\"_blank\" rel=\"noreferrer noopener nofollow\">S\u00edtio Web da Network Advertising Initiative<\/a> para obter mais informa\u00e7\u00f5es sobre publicidade baseada em interesses. Pode descarregar a aplica\u00e7\u00e3o AppChoices em <a href=\"https:\/\/youradchoices.com\/appchoices\" target=\"_blank\" rel=\"noreferrer noopener nofollow\">Aplica\u00e7\u00e3o AppChoices da Digital Advertising Alliance<\/a> para optar pela exclus\u00e3o em rela\u00e7\u00e3o a aplica\u00e7\u00f5es m\u00f3veis ou utilizar os controlos da plataforma no seu dispositivo m\u00f3vel para optar pela exclus\u00e3o.<\/p>\r\n<p>Para obter informa\u00e7\u00f5es espec\u00edficas sobre a Mediavine Partners, os dados que cada uma recolhe e as respectivas pol\u00edticas de recolha de dados e de privacidade, visite <a href=\"https:\/\/www.mediavine.com\/ad-partners\/\" target=\"_blank\" rel=\"noreferrer noopener nofollow\">Parceiros da Mediavine<\/a>.<\/p>","protected":false},"excerpt":{"rendered":"<p>Who we are Our website address is: https:\/\/angelynum.com. Comments When visitors leave comments on the site we collect the data shown in the comments form, &hellip;<\/p>","protected":false},"author":1,"featured_media":0,"parent":0,"menu_order":0,"comment_status":"closed","ping_status":"open","template":"","meta":{"syndication_tool_enabled":false,"syndication_tool_title":"","syndication_tool_excerpt":"","syndication_tool_featured_image":0,"syndication_tool_publish_date":"","syndication_tool_schema_types":[],"syndication_tool_backlink_enable":false,"syndication_tool_ai_disclosure_enable":false,"hide-home-page-title":false,"disable-critical-css":false,"footnotes":""},"class_list":["post-3","page","type-page","status-publish","hentry"],"rankMath":{"parentDomain":"angelynum.com","noFollowDomains":[],"noFollowExcludeDomains":[],"noFollowExternalLinks":false,"featuredImageNotice":"The featured image should be at least 200 by 200 pixels to be picked up by Facebook and other social media sites.","pluginReviewed":false,"postSettings":{"linkSuggestions":true,"useFocusKeyword":false},"frontEndScore":false,"postName":"privacy-policy","permalinkFormat":"https:\/\/angelynum.com\/pt\/%pagename%\/","showLockModifiedDate":true,"assessor":{"focusKeywordLink":"https:\/\/angelynum.com\/wp-admin\/edit.php?focus_keyword=%focus_keyword%&post_type=%post_type%","hasTOCPlugin":false,"primaryTaxonomy":false,"serpData":{"title":"","description":"","focusKeywords":"","pillarContent":false,"canonicalUrl":"","breadcrumbTitle":"","advancedRobots":{"max-snippet":"-1","max-video-preview":"-1","max-image-preview":"large"},"facebookTitle":"","facebookDescription":"","facebookImage":"","facebookImageID":"","facebookHasOverlay":false,"facebookImageOverlay":"","facebookAuthor":"","twitterCardType":"","twitterUseFacebook":true,"twitterTitle":"","twitterDescription":"","twitterImage":"","twitterImageID":"","twitterHasOverlay":false,"twitterImageOverlay":"","twitterPlayerUrl":"","twitterPlayerSize":"","twitterPlayerStream":"","twitterPlayerStreamCtype":"","twitterAppDescription":"","twitterAppIphoneName":"","twitterAppIphoneID":"","twitterAppIphoneUrl":"","twitterAppIpadName":"","twitterAppIpadID":"","twitterAppIpadUrl":"","twitterAppGoogleplayName":"","twitterAppGoogleplayID":"","twitterAppGoogleplayUrl":"","twitterAppCountry":"","robots":{"index":true},"twitterAuthor":"admin","primaryTerm":0,"authorName":"haris","titleTemplate":"%title% %sep% %sitename%","descriptionTemplate":"%excerpt%","showScoreFrontend":true,"lockModifiedDate":false},"powerWords":[],"diacritics":{"A":"[\\u0041\\u24B6\\uFF21\\u00C0\\u00C1\\u00C2\\u1EA6\\u1EA4\\u1EAA\\u1EA8\\u00C3\\u0100\\u0102\\u1EB0\\u1EAE\\u1EB4\\u1EB2\\u0226\\u01E0\\u00C4\\u01DE\\u1EA2\\u00C5\\u01FA\\u01CD\\u0200\\u0202\\u1EA0\\u1EAC\\u1EB6\\u1E00\\u0104\\u023A\\u2C6F]","AA":"[\\uA732]","AE":"[\\u00C6\\u01FC\\u01E2]","AO":"[\\uA734]","AU":"[\\uA736]","AV":"[\\uA738\\uA73A]","AY":"[\\uA73C]","B":"[\\u0042\\u24B7\\uFF22\\u1E02\\u1E04\\u1E06\\u0243\\u0182\\u0181]","C":"[\\u0043\\u24B8\\uFF23\\u0106\\u0108\\u010A\\u010C\\u00C7\\u1E08\\u0187\\u023B\\uA73E]","D":"[\\u0044\\u24B9\\uFF24\\u1E0A\\u010E\\u1E0C\\u1E10\\u1E12\\u1E0E\\u0110\\u018B\\u018A\\u0189\\uA779]","DZ":"[\\u01F1\\u01C4]","Dz":"[\\u01F2\\u01C5]","E":"[\\u0045\\u24BA\\uFF25\\u00C8\\u00C9\\u00CA\\u1EC0\\u1EBE\\u1EC4\\u1EC2\\u1EBC\\u0112\\u1E14\\u1E16\\u0114\\u0116\\u00CB\\u1EBA\\u011A\\u0204\\u0206\\u1EB8\\u1EC6\\u0228\\u1E1C\\u0118\\u1E18\\u1E1A\\u0190\\u018E]","F":"[\\u0046\\u24BB\\uFF26\\u1E1E\\u0191\\uA77B]","G":"[\\u0047\\u24BC\\uFF27\\u01F4\\u011C\\u1E20\\u011E\\u0120\\u01E6\\u0122\\u01E4\\u0193\\uA7A0\\uA77D\\uA77E]","H":"[\\u0048\\u24BD\\uFF28\\u0124\\u1E22\\u1E26\\u021E\\u1E24\\u1E28\\u1E2A\\u0126\\u2C67\\u2C75\\uA78D]","I":"[\\u0049\\u24BE\\uFF29\\u00CC\\u00CD\\u00CE\\u0128\\u012A\\u012C\\u0130\\u00CF\\u1E2E\\u1EC8\\u01CF\\u0208\\u020A\\u1ECA\\u012E\\u1E2C\\u0197]","J":"[\\u004A\\u24BF\\uFF2A\\u0134\\u0248]","K":"[\\u004B\\u24C0\\uFF2B\\u1E30\\u01E8\\u1E32\\u0136\\u1E34\\u0198\\u2C69\\uA740\\uA742\\uA744\\uA7A2]","L":"[\\u004C\\u24C1\\uFF2C\\u013F\\u0139\\u013D\\u1E36\\u1E38\\u013B\\u1E3C\\u1E3A\\u0141\\u023D\\u2C62\\u2C60\\uA748\\uA746\\uA780]","LJ":"[\\u01C7]","Lj":"[\\u01C8]","M":"[\\u004D\\u24C2\\uFF2D\\u1E3E\\u1E40\\u1E42\\u2C6E\\u019C]","N":"[\\u004E\\u24C3\\uFF2E\\u01F8\\u0143\\u00D1\\u1E44\\u0147\\u1E46\\u0145\\u1E4A\\u1E48\\u0220\\u019D\\uA790\\uA7A4]","NJ":"[\\u01CA]","Nj":"[\\u01CB]","O":"[\\u004F\\u24C4\\uFF2F\\u00D2\\u00D3\\u00D4\\u1ED2\\u1ED0\\u1ED6\\u1ED4\\u00D5\\u1E4C\\u022C\\u1E4E\\u014C\\u1E50\\u1E52\\u014E\\u022E\\u0230\\u00D6\\u022A\\u1ECE\\u0150\\u01D1\\u020C\\u020E\\u01A0\\u1EDC\\u1EDA\\u1EE0\\u1EDE\\u1EE2\\u1ECC\\u1ED8\\u01EA\\u01EC\\u00D8\\u01FE\\u0186\\u019F\\uA74A\\uA74C]","OI":"[\\u01A2]","OO":"[\\uA74E]","OU":"[\\u0222]","P":"[\\u0050\\u24C5\\uFF30\\u1E54\\u1E56\\u01A4\\u2C63\\uA750\\uA752\\uA754]","Q":"[\\u0051\\u24C6\\uFF31\\uA756\\uA758\\u024A]","R":"[\\u0052\\u24C7\\uFF32\\u0154\\u1E58\\u0158\\u0210\\u0212\\u1E5A\\u1E5C\\u0156\\u1E5E\\u024C\\u2C64\\uA75A\\uA7A6\\uA782]","S":"[\\u0053\\u24C8\\uFF33\\u1E9E\\u015A\\u1E64\\u015C\\u1E60\\u0160\\u1E66\\u1E62\\u1E68\\u0218\\u015E\\u2C7E\\uA7A8\\uA784]","T":"[\\u0054\\u24C9\\uFF34\\u1E6A\\u0164\\u1E6C\\u021A\\u0162\\u1E70\\u1E6E\\u0166\\u01AC\\u01AE\\u023E\\uA786]","TZ":"[\\uA728]","U":"[\\u0055\\u24CA\\uFF35\\u00D9\\u00DA\\u00DB\\u0168\\u1E78\\u016A\\u1E7A\\u016C\\u00DC\\u01DB\\u01D7\\u01D5\\u01D9\\u1EE6\\u016E\\u0170\\u01D3\\u0214\\u0216\\u01AF\\u1EEA\\u1EE8\\u1EEE\\u1EEC\\u1EF0\\u1EE4\\u1E72\\u0172\\u1E76\\u1E74\\u0244]","V":"[\\u0056\\u24CB\\uFF36\\u1E7C\\u1E7E\\u01B2\\uA75E\\u0245]","VY":"[\\uA760]","W":"[\\u0057\\u24CC\\uFF37\\u1E80\\u1E82\\u0174\\u1E86\\u1E84\\u1E88\\u2C72]","X":"[\\u0058\\u24CD\\uFF38\\u1E8A\\u1E8C]","Y":"[\\u0059\\u24CE\\uFF39\\u1EF2\\u00DD\\u0176\\u1EF8\\u0232\\u1E8E\\u0178\\u1EF6\\u1EF4\\u01B3\\u024E\\u1EFE]","Z":"[\\u005A\\u24CF\\uFF3A\\u0179\\u1E90\\u017B\\u017D\\u1E92\\u1E94\\u01B5\\u0224\\u2C7F\\u2C6B\\uA762]","a":"[\\u0061\\u24D0\\uFF41\\u1E9A\\u00E0\\u00E1\\u00E2\\u1EA7\\u1EA5\\u1EAB\\u1EA9\\u00E3\\u0101\\u0103\\u1EB1\\u1EAF\\u1EB5\\u1EB3\\u0227\\u01E1\\u00E4\\u01DF\\u1EA3\\u00E5\\u01FB\\u01CE\\u0201\\u0203\\u1EA1\\u1EAD\\u1EB7\\u1E01\\u0105\\u2C65\\u0250]","aa":"[\\uA733]","ae":"[\\u00E6\\u01FD\\u01E3]","ao":"[\\uA735]","au":"[\\uA737]","av":"[\\uA739\\uA73B]","ay":"[\\uA73D]","b":"[\\u0062\\u24D1\\uFF42\\u1E03\\u1E05\\u1E07\\u0180\\u0183\\u0253]","c":"[\\u0063\\u24D2\\uFF43\\u0107\\u0109\\u010B\\u010D\\u00E7\\u1E09\\u0188\\u023C\\uA73F\\u2184]","d":"[\\u0064\\u24D3\\uFF44\\u1E0B\\u010F\\u1E0D\\u1E11\\u1E13\\u1E0F\\u0111\\u018C\\u0256\\u0257\\uA77A]","dz":"[\\u01F3\\u01C6]","e":"[\\u0065\\u24D4\\uFF45\\u00E8\\u00E9\\u00EA\\u1EC1\\u1EBF\\u1EC5\\u1EC3\\u1EBD\\u0113\\u1E15\\u1E17\\u0115\\u0117\\u00EB\\u1EBB\\u011B\\u0205\\u0207\\u1EB9\\u1EC7\\u0229\\u1E1D\\u0119\\u1E19\\u1E1B\\u0247\\u025B\\u01DD]","f":"[\\u0066\\u24D5\\uFF46\\u1E1F\\u0192\\uA77C]","g":"[\\u0067\\u24D6\\uFF47\\u01F5\\u011D\\u1E21\\u011F\\u0121\\u01E7\\u0123\\u01E5\\u0260\\uA7A1\\u1D79\\uA77F]","h":"[\\u0068\\u24D7\\uFF48\\u0125\\u1E23\\u1E27\\u021F\\u1E25\\u1E29\\u1E2B\\u1E96\\u0127\\u2C68\\u2C76\\u0265]","hv":"[\\u0195]","i":"[\\u0069\\u24D8\\uFF49\\u00EC\\u00ED\\u00EE\\u0129\\u012B\\u012D\\u00EF\\u1E2F\\u1EC9\\u01D0\\u0209\\u020B\\u1ECB\\u012F\\u1E2D\\u0268\\u0131]","j":"[\\u006A\\u24D9\\uFF4A\\u0135\\u01F0\\u0249]","k":"[\\u006B\\u24DA\\uFF4B\\u1E31\\u01E9\\u1E33\\u0137\\u1E35\\u0199\\u2C6A\\uA741\\uA743\\uA745\\uA7A3]","l":"[\\u006C\\u24DB\\uFF4C\\u0140\\u013A\\u013E\\u1E37\\u1E39\\u013C\\u1E3D\\u1E3B\\u017F\\u0142\\u019A\\u026B\\u2C61\\uA749\\uA781\\uA747]","lj":"[\\u01C9]","m":"[\\u006D\\u24DC\\uFF4D\\u1E3F\\u1E41\\u1E43\\u0271\\u026F]","n":"[\\u006E\\u24DD\\uFF4E\\u01F9\\u0144\\u00F1\\u1E45\\u0148\\u1E47\\u0146\\u1E4B\\u1E49\\u019E\\u0272\\u0149\\uA791\\uA7A5]","nj":"[\\u01CC]","o":"[\\u006F\\u24DE\\uFF4F\\u00F2\\u00F3\\u00F4\\u1ED3\\u1ED1\\u1ED7\\u1ED5\\u00F5\\u1E4D\\u022D\\u1E4F\\u014D\\u1E51\\u1E53\\u014F\\u022F\\u0231\\u00F6\\u022B\\u1ECF\\u0151\\u01D2\\u020D\\u020F\\u01A1\\u1EDD\\u1EDB\\u1EE1\\u1EDF\\u1EE3\\u1ECD\\u1ED9\\u01EB\\u01ED\\u00F8\\u01FF\\u0254\\uA74B\\uA74D\\u0275]","oi":"[\\u01A3]","ou":"[\\u0223]","oo":"[\\uA74F]","p":"[\\u0070\\u24DF\\uFF50\\u1E55\\u1E57\\u01A5\\u1D7D\\uA751\\uA753\\uA755]","q":"[\\u0071\\u24E0\\uFF51\\u024B\\uA757\\uA759]","r":"[\\u0072\\u24E1\\uFF52\\u0155\\u1E59\\u0159\\u0211\\u0213\\u1E5B\\u1E5D\\u0157\\u1E5F\\u024D\\u027D\\uA75B\\uA7A7\\uA783]","s":"[\\u0073\\u24E2\\uFF53\\u015B\\u1E65\\u015D\\u1E61\\u0161\\u1E67\\u1E63\\u1E69\\u0219\\u015F\\u023F\\uA7A9\\uA785\\u1E9B]","ss":"[\\u00DF]","t":"[\\u0074\\u24E3\\uFF54\\u1E6B\\u1E97\\u0165\\u1E6D\\u021B\\u0163\\u1E71\\u1E6F\\u0167\\u01AD\\u0288\\u2C66\\uA787]","tz":"[\\uA729]","u":"[\\u0075\\u24E4\\uFF55\\u00F9\\u00FA\\u00FB\\u0169\\u1E79\\u016B\\u1E7B\\u016D\\u00FC\\u01DC\\u01D8\\u01D6\\u01DA\\u1EE7\\u016F\\u0171\\u01D4\\u0215\\u0217\\u01B0\\u1EEB\\u1EE9\\u1EEF\\u1EED\\u1EF1\\u1EE5\\u1E73\\u0173\\u1E77\\u1E75\\u0289]","v":"[\\u0076\\u24E5\\uFF56\\u1E7D\\u1E7F\\u028B\\uA75F\\u028C]","vy":"[\\uA761]","w":"[\\u0077\\u24E6\\uFF57\\u1E81\\u1E83\\u0175\\u1E87\\u1E85\\u1E98\\u1E89\\u2C73]","x":"[\\u0078\\u24E7\\uFF58\\u1E8B\\u1E8D]","y":"[\\u0079\\u24E8\\uFF59\\u1EF3\\u00FD\\u0177\\u1EF9\\u0233\\u1E8F\\u00FF\\u1EF7\\u1E99\\u1EF5\\u01B4\\u024F\\u1EFF]","z":"[\\u007A\\u24E9\\uFF5A\\u017A\\u1E91\\u017C\\u017E\\u1E93\\u1E95\\u01B6\\u0225\\u0240\\u2C6C\\uA763]"},"researchesTests":["contentHasTOC","contentHasShortParagraphs","contentHasAssets","keywordInTitle","keywordInMetaDescription","keywordInPermalink","keywordIn10Percent","keywordInContent","keywordInSubheadings","keywordInImageAlt","keywordDensity","keywordNotUsed","lengthContent","lengthPermalink","linksHasInternal","linksHasExternals","linksNotAllExternals","titleStartWithKeyword","titleSentiment","titleHasPowerWords","titleHasNumber","hasContentAI"],"hasRedirection":false,"hasBreadcrumb":false},"homeUrl":"https:\/\/angelynum.com\/pt","objectID":3,"objectType":"post","locale":"pt","localeFull":"pt_PT","overlayImages":{"play":{"name":"Play icon","url":"https:\/\/angelynum.com\/wp-content\/plugins\/seo-by-rank-math\/assets\/admin\/img\/icon-play.png","path":"\/home\/angelynum\/public_html\/wp-content\/plugins\/seo-by-rank-math\/assets\/admin\/img\/icon-play.png","position":"middle_center"},"gif":{"name":"GIF icon","url":"https:\/\/angelynum.com\/wp-content\/plugins\/seo-by-rank-math\/assets\/admin\/img\/icon-gif.png","path":"\/home\/angelynum\/public_html\/wp-content\/plugins\/seo-by-rank-math\/assets\/admin\/img\/icon-gif.png","position":"middle_center"}},"defautOgImage":"https:\/\/angelynum.com\/wp-content\/plugins\/seo-by-rank-math\/assets\/admin\/img\/social-placeholder.jpg","customPermalinks":true,"isUserRegistered":false,"autoSuggestKeywords":false,"connectSiteUrl":"https:\/\/rankmath.com\/auth?site=https%3A%2F%2Fangelynum.com%2Fpt&r=https%3A%2F%2Fangelynum.com%2Fpt%2Fwp-json%2Fwp%2Fv2%2Fpages%2F3%3Fnonce%3D361614b1fe","maxTags":5,"trendsIcon":"<svg viewBox=\"0 0 610 610\"><path d=\"M18.85,446,174.32,290.48l58.08,58.08L76.93,504a14.54,14.54,0,0,1-20.55,0L18.83,466.48a14.54,14.54,0,0,1,0-20.55Z\" style=\"fill:#4285f4\"\/><path d=\"M242.65,242.66,377.59,377.6l-47.75,47.75a14.54,14.54,0,0,1-20.55,0L174.37,290.43l47.75-47.75A14.52,14.52,0,0,1,242.65,242.66Z\" style=\"fill:#ea4335\"\/><polygon points=\"319.53 319.53 479.26 159.8 537.34 217.88 377.61 377.62 319.53 319.53\" style=\"fill:#fabb05\"\/><path d=\"M594.26,262.73V118.61h0a16.94,16.94,0,0,0-16.94-16.94H433.2a16.94,16.94,0,0,0-12,28.92L565.34,274.71h0a16.94,16.94,0,0,0,28.92-12Z\" style=\"fill:#34a853\"\/><rect width=\"610\" height=\"610\" style=\"fill:none\"\/><\/svg>","showScore":true,"siteFavIcon":"https:\/\/angelynum.com\/wp-content\/uploads\/2022\/03\/cropped-double_wing_icon-32x32.png","canUser":{"general":false,"advanced":false,"snippet":false,"social":false,"analysis":false,"analytics":false,"content_ai":false},"showKeywordIntent":true,"isPro":false,"is_front_page":false,"trendsUpgradeLink":"https:\/\/rankmath.com\/pricing\/?utm_source=Plugin&utm_medium=CE%20General%20Tab%20Trends&utm_campaign=WP","trendsUpgradeLabel":"Upgrade","trendsPreviewImage":"https:\/\/angelynum.com\/wp-content\/plugins\/seo-by-rank-math\/assets\/admin\/img\/trends-preview.jpg","currentEditor":false,"homepageData":{"assessor":{"powerWords":[],"diacritics":true,"researchesTests":["contentHasTOC","contentHasShortParagraphs","contentHasAssets","keywordInTitle","keywordInMetaDescription","keywordInPermalink","keywordIn10Percent","keywordInContent","keywordInSubheadings","keywordInImageAlt","keywordDensity","keywordNotUsed","lengthContent","lengthPermalink","linksHasInternal","linksHasExternals","linksNotAllExternals","titleStartWithKeyword","titleSentiment","titleHasPowerWords","titleHasNumber","hasContentAI"],"hasBreadcrumb":false,"serpData":{"title":"%sitename% %page% %sep% %sitedesc%","description":"","titleTemplate":"%sitename% %page% %sep% %sitedesc%","descriptionTemplate":"","focusKeywords":"","breadcrumbTitle":"Home","robots":{"index":true},"advancedRobots":{"max-snippet":"-1","max-video-preview":"-1","max-image-preview":"large"},"facebookTitle":"","facebookDescription":"","facebookImage":"","facebookImageID":""}}},"tocTitle":"Table of Contents","tocExcludeHeadings":[],"listStyle":"ul"},"_links":{"self":[{"href":"https:\/\/angelynum.com\/pt\/wp-json\/wp\/v2\/pages\/3","targetHints":{"allow":["GET"]}}],"collection":[{"href":"https:\/\/angelynum.com\/pt\/wp-json\/wp\/v2\/pages"}],"about":[{"href":"https:\/\/angelynum.com\/pt\/wp-json\/wp\/v2\/types\/page"}],"author":[{"embeddable":true,"href":"https:\/\/angelynum.com\/pt\/wp-json\/wp\/v2\/users\/1"}],"replies":[{"embeddable":true,"href":"https:\/\/angelynum.com\/pt\/wp-json\/wp\/v2\/comments?post=3"}],"version-history":[{"count":3,"href":"https:\/\/angelynum.com\/pt\/wp-json\/wp\/v2\/pages\/3\/revisions"}],"predecessor-version":[{"id":39739,"href":"https:\/\/angelynum.com\/pt\/wp-json\/wp\/v2\/pages\/3\/revisions\/39739"}],"wp:attachment":[{"href":"https:\/\/angelynum.com\/pt\/wp-json\/wp\/v2\/media?parent=3"}],"curies":[{"name":"wp","href":"https:\/\/api.w.org\/{rel}","templated":true}]}}